{"id":744,"date":"2025-07-31T09:14:25","date_gmt":"2025-07-31T13:14:25","guid":{"rendered":"https:\/\/samson-design.ca\/?page_id=744"},"modified":"2025-12-29T12:49:31","modified_gmt":"2025-12-29T16:49:31","slug":"politique-de-confirentialite","status":"publish","type":"page","link":"https:\/\/samson-design.ca\/en\/politique-de-confirentialite\/","title":{"rendered":"Privacy policy"},"content":{"rendered":"<p>[et_pb_section fb_built=\u00a0\u00bb1&Prime; module_id=\u00a0\u00bbservices\u00a0\u00bb _builder_version=\u00a0\u00bb4.22.1&Prime; _module_preset=\u00a0\u00bbdefault\u00a0\u00bb background_color=\u00a0\u00bb#1C1C1C\u00a0\u00bb z_index=\u00a0\u00bb0&Prime; custom_padding=\u00a0\u00bb57px||101px|||\u00a0\u00bb da_disable_devices=\u00a0\u00bboff|off|off\u00a0\u00bb global_colors_info=\u00a0\u00bb{}\u00a0\u00bb da_is_popup=\u00a0\u00bboff\u00a0\u00bb da_exit_intent=\u00a0\u00bboff\u00a0\u00bb da_has_close=\u00a0\u00bbon\u00a0\u00bb da_alt_close=\u00a0\u00bboff\u00a0\u00bb da_dark_close=\u00a0\u00bboff\u00a0\u00bb da_not_modal=\u00a0\u00bbon\u00a0\u00bb da_is_singular=\u00a0\u00bboff\u00a0\u00bb da_with_loader=\u00a0\u00bboff\u00a0\u00bb da_has_shadow=\u00a0\u00bbon\u00a0\u00bb][et_pb_row _builder_version=\u00a0\u00bb4.22.1&Prime; _module_preset=\u00a0\u00bbdefault\u00a0\u00bb global_colors_info=\u00a0\u00bb{}\u00a0\u00bb][et_pb_column type=\u00a0\u00bb4_4&Prime; _builder_version=\u00a0\u00bb4.22.1&Prime; _module_preset=\u00a0\u00bbdefault\u00a0\u00bb global_colors_info=\u00a0\u00bb{}\u00a0\u00bb][et_pb_text _builder_version=\u00a0\u00bb4.22.1&Prime; _module_preset=\u00a0\u00bbdefault\u00a0\u00bb header_text_color=\u00a0\u00bb#FAFAF9&Prime; header_font_size=\u00a0\u00bb60px\u00a0\u00bb header_2_font=\u00a0\u00bbPoppins|700|||||||\u00a0\u00bb header_2_text_color=\u00a0\u00bb#FAFAF9&Prime; header_2_font_size=\u00a0\u00bb60px\u00a0\u00bb global_colors_info=\u00a0\u00bb{}\u00a0\u00bb]<\/p>\n<h2>Potitique de confidentialit\u00e9<\/h2>\n<p>[\/et_pb_text][et_pb_text _builder_version=\u00a0\u00bb4.22.1&Prime; _module_preset=\u00a0\u00bbdefault\u00a0\u00bb header_5_font=\u00a0\u00bbPoppins|300|||||||\u00a0\u00bb header_5_text_align=\u00a0\u00bbleft\u00a0\u00bb header_5_text_color=\u00a0\u00bb#6bcbb8&Prime; header_5_font_size=\u00a0\u00bb20px\u00a0\u00bb custom_margin=\u00a0\u00bb-18px||-1px||false|false\u00a0\u00bb custom_padding=\u00a0\u00bb||0px||false|false\u00a0\u00bb hover_enabled=\u00a0\u00bb0&Prime; global_colors_info=\u00a0\u00bb{}\u00a0\u00bb sticky_enabled=\u00a0\u00bb0&Prime;]<\/p>\n<h5>Derni\u00e8re mise \u00e0 jour : 29 d\u00e9cembre 2025<\/h5>\n<p>[\/et_pb_text][\/et_pb_column][\/et_pb_row][et_pb_row _builder_version=\u00a0\u00bb4.22.1&Prime; _module_preset=\u00a0\u00bbdefault\u00a0\u00bb global_colors_info=\u00a0\u00bb{}\u00a0\u00bb][et_pb_column type=\u00a0\u00bb4_4&Prime; _builder_version=\u00a0\u00bb4.22.1&Prime; _module_preset=\u00a0\u00bbdefault\u00a0\u00bb global_colors_info=\u00a0\u00bb{}\u00a0\u00bb][et_pb_text _builder_version=\u00a0\u00bb4.22.1&Prime; _module_preset=\u00a0\u00bbdefault\u00a0\u00bb text_font=\u00a0\u00bbPoppins|300|||||||\u00a0\u00bb text_text_color=\u00a0\u00bb#FAFAF9&Prime; text_font_size=\u00a0\u00bb18px\u00a0\u00bb custom_css_before=\u00a0\u00bba : hover {||  color : #6bcbb8;||}\u00a0\u00bb global_colors_info=\u00a0\u00bb{}\u00a0\u00bb]<\/p>\n<p data-start=\"376\" data-end=\"571\"><strong data-start=\"376\" data-end=\"395\">1. Introduction<\/strong><br data-start=\"395\" data-end=\"398\" \/>Ce site est op\u00e9r\u00e9 par <strong data-start=\"420\" data-end=\"447\">Samson Design Graphique<\/strong>. Nous respectons votre vie priv\u00e9e et nous nous engageons \u00e0 prot\u00e9ger les renseignements personnels que vous nous fournissez.<\/p>\n<p data-start=\"573\" data-end=\"732\"><strong data-start=\"573\" data-end=\"604\">2. Renseignements collect\u00e9s<\/strong><br data-start=\"604\" data-end=\"607\" \/>Nous ne recueillons que les renseignements que vous nous transmettez volontairement via le formulaire de contact, notamment :<\/p>\n<ul data-start=\"734\" data-end=\"813\">\n<li data-start=\"734\" data-end=\"741\">\n<p data-start=\"736\" data-end=\"741\">Nom<\/p>\n<\/li>\n<li data-start=\"742\" data-end=\"762\">\n<p data-start=\"744\" data-end=\"762\">Adresse courriel<\/p>\n<\/li>\n<li data-start=\"742\" data-end=\"762\">Num\u00e9ro de t\u00e9l\u00e9phone<\/li>\n<li data-start=\"763\" data-end=\"813\">\n<p data-start=\"765\" data-end=\"813\">Autres informations contenues dans votre message<\/p>\n<\/li>\n<\/ul>\n<p data-start=\"815\" data-end=\"905\"><strong data-start=\"815\" data-end=\"852\">3. Utilisation des renseignements<\/strong><br data-start=\"852\" data-end=\"855\" \/>Ces renseignements sont utilis\u00e9s uniquement pour :<\/p>\n<ul data-start=\"907\" data-end=\"979\">\n<li data-start=\"907\" data-end=\"946\">\n<p data-start=\"909\" data-end=\"946\">R\u00e9pondre \u00e0 vos demandes ou messages<\/p>\n<\/li>\n<li data-start=\"947\" data-end=\"979\">\n<p data-start=\"949\" data-end=\"979\">Assurer un suivi professionnel<\/p>\n<\/li>\n<\/ul>\n<p data-start=\"981\" data-end=\"1129\"><strong data-start=\"981\" data-end=\"1012\">4. Conservation et s\u00e9curit\u00e9<\/strong><br data-start=\"1012\" data-end=\"1015\" \/>Les donn\u00e9es soumises via le formulaire sont conserv\u00e9es de mani\u00e8re s\u00e9curis\u00e9e et ne sont partag\u00e9es avec aucun tiers.<\/p>\n<p data-start=\"1131\" data-end=\"1299\"><strong data-start=\"1131\" data-end=\"1148\">5. Vos droits<\/strong><br data-start=\"1148\" data-end=\"1151\" \/>Vous pouvez demander l\u2019acc\u00e8s, la modification ou la suppression de vos renseignements personnels en nous \u00e9crivant via le <a data-start=\"1272\" data-end=\"1298\" class=\"\" rel=\"noopener\" style=\"font-weight: 600; color: #ffffff;\" href=\"#contact\">formulaire de contact<\/a>.<\/p>\n<p data-start=\"1301\" data-end=\"1442\"><strong data-start=\"1301\" data-end=\"1321\">6. Modifications<\/strong><br data-start=\"1321\" data-end=\"1324\" \/>Cette politique peut \u00eatre mise \u00e0 jour \u00e0 tout moment. La date de derni\u00e8re mise \u00e0 jour appara\u00eetra en haut de cette page.<\/p>\n<p>[\/et_pb_text][\/et_pb_column][\/et_pb_row][\/et_pb_section]<\/p>\n","protected":false},"excerpt":{"rendered":"<p>Potitique de confidentialit\u00e9Derni\u00e8re mise \u00e0 jour : 29 d\u00e9cembre 20251. IntroductionCe site est op\u00e9r\u00e9 par Samson Design Graphique. Nous respectons votre vie priv\u00e9e et nous nous engageons \u00e0 prot\u00e9ger les renseignements personnels que vous nous fournissez. 2. Renseignements collect\u00e9sNous ne recueillons que les renseignements que vous nous transmettez volontairement via le formulaire de contact, notamment [&hellip;]<\/p>\n","protected":false},"author":3454,"featured_media":0,"parent":0,"menu_order":0,"comment_status":"closed","ping_status":"closed","template":"","meta":{"_et_pb_use_builder":"on","_et_pb_old_content":"","_et_gb_content_width":"","_monsterinsights_skip_tracking":false,"_monsterinsights_sitenote_active":false,"_monsterinsights_sitenote_note":"","_monsterinsights_sitenote_category":0,"footnotes":""},"class_list":["post-744","page","type-page","status-publish","hentry"],"aioseo_notices":[],"_links":{"self":[{"href":"https:\/\/samson-design.ca\/en\/wp-json\/wp\/v2\/pages\/744","targetHints":{"allow":["GET"]}}],"collection":[{"href":"https:\/\/samson-design.ca\/en\/wp-json\/wp\/v2\/pages"}],"about":[{"href":"https:\/\/samson-design.ca\/en\/wp-json\/wp\/v2\/types\/page"}],"author":[{"embeddable":true,"href":"https:\/\/samson-design.ca\/en\/wp-json\/wp\/v2\/users\/3454"}],"replies":[{"embeddable":true,"href":"https:\/\/samson-design.ca\/en\/wp-json\/wp\/v2\/comments?post=744"}],"version-history":[{"count":7,"href":"https:\/\/samson-design.ca\/en\/wp-json\/wp\/v2\/pages\/744\/revisions"}],"predecessor-version":[{"id":1342,"href":"https:\/\/samson-design.ca\/en\/wp-json\/wp\/v2\/pages\/744\/revisions\/1342"}],"wp:attachment":[{"href":"https:\/\/samson-design.ca\/en\/wp-json\/wp\/v2\/media?parent=744"}],"curies":[{"name":"wp","href":"https:\/\/api.w.org\/{rel}","templated":true}]}}